{"id":259,"date":"2021-05-09T16:38:17","date_gmt":"2021-05-09T16:38:17","guid":{"rendered":"https:\/\/www.siku-project.com\/?page_id=259"},"modified":"2021-05-09T16:48:48","modified_gmt":"2021-05-09T16:48:48","slug":"progetto","status":"publish","type":"page","link":"https:\/\/www.siku-project.com\/?page_id=259","title":{"rendered":"PROGETTO"},"content":{"rendered":"\n<div class=\"wp-block-columns\">\n<div class=\"wp-block-column is-vertically-aligned-center\">\n<div class=\"wp-block-image\"><figure class=\"alignright size-large is-resized\"><img loading=\"lazy\" src=\"https:\/\/www.siku-project.com\/wp-content\/uploads\/2021\/05\/download_3-2.jpg\" alt=\"\" class=\"wp-image-276\" width=\"462\" height=\"178\" srcset=\"https:\/\/www.siku-project.com\/wp-content\/uploads\/2021\/05\/download_3-2.jpg 750w, https:\/\/www.siku-project.com\/wp-content\/uploads\/2021\/05\/download_3-2-600x232.jpg 600w, https:\/\/www.siku-project.com\/wp-content\/uploads\/2021\/05\/download_3-2-300x116.jpg 300w, https:\/\/www.siku-project.com\/wp-content\/uploads\/2021\/05\/download_3-2-421x163.jpg 421w\" sizes=\"(max-width: 462px) 100vw, 462px\" \/><\/figure><\/div>\n\n\n\n<p><\/p>\n<\/div>\n\n\n\n<div class=\"wp-block-column is-vertically-aligned-bottom\">\n<div class=\"wp-block-group\"><div class=\"wp-block-group__inner-container\"><\/div><\/div>\n\n\n\n<h1 class=\"has-accent-2-color has-sitebg-background-color has-text-color has-background\">SIKU Project<\/h1>\n\n\n\n<h6 class=\"has-accent-2-color has-sitebg-background-color has-text-color has-background\">SIKU \u00e8 una linea di gioielli realizzati in fibra di fico d\u2019India. Le pale vengono raccolte dalle piantagioni nel pieno rispetto dell\u2019ambiente in quanto sono parti della pianta che i coltivatori scartano alla fine della produzione. Queste pale vengono lasciate essiccare e poi sottoposte al processo di lavorazione. Il primo passo \u00e8 la selezione, poi vengono ripulite da ogni genere di residuo, tagliate pezzo per pezzo, rifiniti, verniciati con prodotti atossici che vanno dalle vernici acriliche agli acquerelli steineriani e infine montate su anime d\u2019acciaio.<\/h6>\n<\/div>\n<\/div>\n\n\n\n<div class=\"wp-block-group\"><div class=\"wp-block-group__inner-container\">\n<div class=\"wp-block-columns\">\n<div class=\"wp-block-column is-vertically-aligned-center\">\n<h1 class=\"has-accent-2-color has-sitebg-background-color has-text-color has-background\">Il Fico d\u2019India in Sicilia<\/h1>\n\n\n\n<h6 class=\"has-accent-2-color has-sitebg-background-color has-text-color has-background\">Il fico d\u2019India nel tempo \u00e8 diventato un simbolo territoriale, il cuore pulsante che fra canneti e agave rappresenta la bellezza della flora dell\u2019isola. E\u2019 come una sorta di impronta che&nbsp;&nbsp;cresce persino sui tetti delle abitazioni in maniera spontanea, quasi selvaggia; per i siciliani sentirne la presenza significa ritrovarsi a casa. Ha un involucro spinoso che fa desistere dall\u2019assaporarlo ma per i pi\u00f9 temerari, che ne affrontano le spine, all\u2019interno, gusteranno il suo cuore dolce e gradevole.&nbsp;Gli usi del Fico d\u2019India sono infiniti, \u00e8 ricco di fibre, di vitamine e di sali minerali, ne sono riconosciute le propriet\u00e0 diuretiche, astringenti, antinfiammatorie, antiossidanti, gastro-protettive e cicatrizzanti. Nelle regioni mediterranee miti e aride, il fico d&#8217;india trova le sue condizioni climatiche ottimali. Questo perch\u00e9 i cactus convertono l&#8217;acqua in biomassa in modo efficiente e si adattano facilmente ai cambiamenti climatici, ecco perch\u00e9 questo tipo di coltivazioni sar\u00e0 di notevole interesse per gli anni che seguiranno.<\/h6>\n\n\n\n<p><\/p>\n<\/div>\n\n\n\n<div class=\"wp-block-column\">\n<figure class=\"wp-block-image size-large is-resized\"><img loading=\"lazy\" src=\"https:\/\/www.siku-project.com\/wp-content\/uploads\/2021\/05\/download_4.jpg\" alt=\"\" class=\"wp-image-298\" width=\"497\" height=\"613\" srcset=\"https:\/\/www.siku-project.com\/wp-content\/uploads\/2021\/05\/download_4.jpg 705w, https:\/\/www.siku-project.com\/wp-content\/uploads\/2021\/05\/download_4-600x740.jpg 600w, https:\/\/www.siku-project.com\/wp-content\/uploads\/2021\/05\/download_4-243x300.jpg 243w\" sizes=\"(max-width: 497px) 100vw, 497px\" \/><\/figure>\n\n\n\n<p><\/p>\n<\/div>\n<\/div>\n<\/div><\/div>\n\n\n\n<div class=\"wp-block-columns are-vertically-aligned-bottom\">\n<div class=\"wp-block-column is-vertically-aligned-bottom\">\n<div class=\"wp-block-image\"><figure class=\"alignright size-large\"><img loading=\"lazy\" width=\"300\" height=\"225\" src=\"https:\/\/www.siku-project.com\/wp-content\/uploads\/2021\/05\/download_4-1.jpg\" alt=\"\" class=\"wp-image-300\"\/><\/figure><\/div>\n\n\n\n<p><\/p>\n<\/div>\n\n\n\n<div class=\"wp-block-column is-vertically-aligned-bottom\">\n<h1 class=\"has-accent-2-color has-sitebg-background-color has-text-color has-background\" id=\"yui_3_17_2_1_1620574817842_822\">La storia del Fico D\u2019India<\/h1>\n\n\n\n<h6 class=\"has-accent-2-color has-sitebg-background-color has-text-color has-background\" id=\"yui_3_17_2_1_1620574817842_834\">Il fico d&#8217;india che si trova in tutta la Sicilia \u00e8 la specie Opuntia Ficus-Indica, detta anche Fico indiano Opuntia.L&#8217;origine del fico d&#8217;India \u00e8 pi\u00f9 probabile che si trovi nell&#8217;altopiano del Messico, dove si trovano i parenti genetici pi\u00f9 vicini. Il riferimento risale anche agli Aztechi, che secondo la leggenda azteca, nel 1323, mostrarono una visione di un&#8217;aquila appollaiata su un fico d&#8217;india che mangiava un serpente. La visione indicava il luogo in cui avrebbero costruito il loro insediamento di Mexica. Gli Aztechi lo chiamavano &#8220;Nopalli&#8221; e lo consideravano come il loro simbolo. Ancora oggi il fico d&#8217;India appare sulla bandiera della Repubblica messicana.<\/h6>\n\n\n\n<div class=\"wp-block-buttons\"><\/div>\n<\/div>\n<\/div>\n\n\n\n<div class=\"wp-block-buttons\">\n<div class=\"wp-block-button\"><a class=\"wp-block-button__link\" href=\"mailto:info@siku-project.com\">CONTATTACI<\/a><\/div>\n<\/div>\n","protected":false},"excerpt":{"rendered":"<p>SIKU Project SIKU \u00e8 una linea di gioielli realizzati in fibra di fico d\u2019India. Le pale vengono raccolte dalle piantagioni nel pieno rispetto dell\u2019ambiente in &hellip;<\/p>\n","protected":false},"author":1,"featured_media":0,"parent":0,"menu_order":0,"comment_status":"closed","ping_status":"closed","template":"","meta":[],"_links":{"self":[{"href":"https:\/\/www.siku-project.com\/index.php?rest_route=\/wp\/v2\/pages\/259"}],"collection":[{"href":"https:\/\/www.siku-project.com\/index.php?rest_route=\/wp\/v2\/pages"}],"about":[{"href":"https:\/\/www.siku-project.com\/index.php?rest_route=\/wp\/v2\/types\/page"}],"author":[{"embeddable":true,"href":"https:\/\/www.siku-project.com\/index.php?rest_route=\/wp\/v2\/users\/1"}],"replies":[{"embeddable":true,"href":"https:\/\/www.siku-project.com\/index.php?rest_route=%2Fwp%2Fv2%2Fcomments&post=259"}],"version-history":[{"count":32,"href":"https:\/\/www.siku-project.com\/index.php?rest_route=\/wp\/v2\/pages\/259\/revisions"}],"predecessor-version":[{"id":310,"href":"https:\/\/www.siku-project.com\/index.php?rest_route=\/wp\/v2\/pages\/259\/revisions\/310"}],"wp:attachment":[{"href":"https:\/\/www.siku-project.com\/index.php?rest_route=%2Fwp%2Fv2%2Fmedia&parent=259"}],"curies":[{"name":"wp","href":"https:\/\/api.w.org\/{rel}","templated":true}]}}